{"id":478,"date":"2021-04-19T14:10:15","date_gmt":"2021-04-19T18:10:15","guid":{"rendered":"https:\/\/www.aubergedugrandfleuve.qc.ca\/?page_id=478"},"modified":"2025-02-18T08:43:45","modified_gmt":"2025-02-18T13:43:45","slug":"restaurant","status":"publish","type":"page","link":"https:\/\/www.aubergedugrandfleuve.qc.ca\/en\/restaurant\/","title":{"rendered":"Restaurant"},"content":{"rendered":"<div class=\"wpb-content-wrapper\"><p>[vc_row row_height_percent=&#8221;0&#8243; override_padding=&#8221;yes&#8221; h_padding=&#8221;6&#8243; top_padding=&#8221;6&#8243; bottom_padding=&#8221;6&#8243; back_color=&#8221;color-254912&#8243; overlay_alpha=&#8221;50&#8243; gutter_size=&#8221;3&#8243; column_width_percent=&#8221;100&#8243; shift_y=&#8221;0&#8243; z_index=&#8221;0&#8243;][vc_column column_width_percent=&#8221;100&#8243; gutter_size=&#8221;3&#8243; overlay_alpha=&#8221;50&#8243; shift_x=&#8221;0&#8243; shift_y=&#8221;0&#8243; shift_y_down=&#8221;0&#8243; z_index=&#8221;0&#8243; medium_width=&#8221;0&#8243; mobile_width=&#8221;0&#8243; width=&#8221;1\/1&#8243;][vc_row_inner row_inner_height_percent=&#8221;0&#8243; overlay_alpha=&#8221;50&#8243; gutter_size=&#8221;3&#8243; shift_y=&#8221;0&#8243; z_index=&#8221;0&#8243;][vc_column_inner column_width_percent=&#8221;100&#8243; align_horizontal=&#8221;align_center&#8221; gutter_size=&#8221;3&#8243; style=&#8221;light&#8221; overlay_alpha=&#8221;50&#8243; shift_x=&#8221;0&#8243; shift_y=&#8221;0&#8243; shift_y_down=&#8221;0&#8243; z_index=&#8221;0&#8243; medium_width=&#8221;0&#8243; mobile_width=&#8221;0&#8243; width=&#8221;1\/1&#8243;][vc_custom_heading text_font=&#8221;font-172490&#8243; text_weight=&#8221;400&#8243; text_transform=&#8221;uppercase&#8221; text_space=&#8221;fontspace-199619&#8243; css_animation=&#8221;alpha-anim&#8221;]Breakfast[\/vc_custom_heading][vc_custom_heading heading_semantic=&#8221;h3&#8243; text_font=&#8221;font-555555&#8243; text_size=&#8221;h3&#8243; text_weight=&#8221;400&#8243; text_italic=&#8221;yes&#8221; css_animation=&#8221;alpha-anim&#8221;]Served from 8 a.m. to 10 a.m. daily[\/vc_custom_heading][vc_empty_space empty_h=&#8221;1&#8243;][\/vc_column_inner][\/vc_row_inner][vc_row_inner row_inner_height_percent=&#8221;0&#8243; overlay_alpha=&#8221;50&#8243; gutter_size=&#8221;4&#8243; shift_y=&#8221;0&#8243; z_index=&#8221;0&#8243;][vc_column_inner column_width_percent=&#8221;100&#8243; gutter_size=&#8221;2&#8243; style=&#8221;light&#8221; overlay_alpha=&#8221;50&#8243; shift_x=&#8221;0&#8243; shift_y=&#8221;0&#8243; shift_y_down=&#8221;0&#8243; z_index=&#8221;0&#8243; medium_width=&#8221;0&#8243; align_mobile=&#8221;align_left_mobile&#8221; mobile_width=&#8221;0&#8243; width=&#8221;1\/2&#8243;][vc_column_text text_lead=&#8221;yes&#8221; css_animation=&#8221;alpha-anim&#8221; uncode_shortcode_id=&#8221;607475&#8243;]<strong>We are proud to offer an original and high quality breakfast.<\/strong><\/p>\n<p>The latter includes a handmade fresh fruit salad, homemade products such as bread, jams, rillettes and local Metisian products such as honey and maple syrup.<\/p>\n<p><strong>25$ per person<\/strong>[\/vc_column_text][\/vc_column_inner][vc_column_inner column_width_percent=&#8221;100&#8243; gutter_size=&#8221;2&#8243; overlay_alpha=&#8221;50&#8243; shift_x=&#8221;0&#8243; shift_y=&#8221;0&#8243; shift_y_down=&#8221;0&#8243; z_index=&#8221;0&#8243; medium_width=&#8221;0&#8243; align_mobile=&#8221;align_left_mobile&#8221; mobile_width=&#8221;0&#8243; width=&#8221;1\/2&#8243;][vc_column_text text_lead=&#8221;yes&#8221; css_animation=&#8221;alpha-anim&#8221;]You can also enjoy one of our famous cr\u00eapes bretonnes. These fines cr\u00eapes, made in part of buckwheat flour, are served &#8220;compl\u00e8tes&#8221;, i.e. with egg, ham, and cheese or simply with maple syrup. The taste of the buckwheat flour pairs flawlessly with that of the maple syrup.<\/p>\n<p>Served with a quality cup of coffee, this breakfast will get your day started on the right foot.[\/vc_column_text][\/vc_column_inner][\/vc_row_inner][\/vc_column][\/vc_row][vc_row unlock_row_content=&#8221;yes&#8221; row_height_percent=&#8221;100&#8243; back_image=&#8221;106&#8243; overlay_alpha=&#8221;50&#8243; gutter_size=&#8221;3&#8243; column_width_percent=&#8221;100&#8243; shift_y=&#8221;0&#8243; z_index=&#8221;0&#8243;][vc_column width=&#8221;1\/1&#8243;][vc_empty_space empty_h=&#8221;5&#8243;][\/vc_column][\/vc_row][vc_row row_height_percent=&#8221;0&#8243; override_padding=&#8221;yes&#8221; h_padding=&#8221;6&#8243; top_padding=&#8221;6&#8243; bottom_padding=&#8221;6&#8243; overlay_alpha=&#8221;50&#8243; gutter_size=&#8221;3&#8243; column_width_percent=&#8221;100&#8243; shift_y=&#8221;0&#8243; z_index=&#8221;0&#8243;][vc_column column_width_percent=&#8221;100&#8243; align_horizontal=&#8221;align_center&#8221; gutter_size=&#8221;3&#8243; overlay_alpha=&#8221;50&#8243; shift_x=&#8221;0&#8243; shift_y=&#8221;0&#8243; shift_y_down=&#8221;0&#8243; z_index=&#8221;0&#8243; medium_width=&#8221;0&#8243; mobile_width=&#8221;0&#8243; width=&#8221;1\/1&#8243;][vc_row_inner row_inner_height_percent=&#8221;0&#8243; overlay_alpha=&#8221;50&#8243; gutter_size=&#8221;3&#8243; shift_y=&#8221;0&#8243; z_index=&#8221;0&#8243;][vc_column_inner column_width_percent=&#8221;100&#8243; align_horizontal=&#8221;align_center&#8221; gutter_size=&#8221;3&#8243; style=&#8221;light&#8221; overlay_alpha=&#8221;50&#8243; shift_x=&#8221;0&#8243; shift_y=&#8221;0&#8243; shift_y_down=&#8221;0&#8243; z_index=&#8221;0&#8243; medium_width=&#8221;0&#8243; mobile_width=&#8221;0&#8243; width=&#8221;1\/1&#8243;][vc_custom_heading text_font=&#8221;font-172490&#8243; text_weight=&#8221;400&#8243; text_transform=&#8221;uppercase&#8221; text_space=&#8221;fontspace-199619&#8243; css_animation=&#8221;alpha-anim&#8221;]Evening Dining[\/vc_custom_heading][vc_custom_heading heading_semantic=&#8221;h3&#8243; text_font=&#8221;font-555555&#8243; text_size=&#8221;h3&#8243; text_weight=&#8221;400&#8243; text_italic=&#8221;yes&#8221; css_animation=&#8221;alpha-anim&#8221;]Service between approximately 6 p.m. and 8:30 p.m[\/vc_custom_heading][vc_empty_space empty_h=&#8221;1&#8243;][\/vc_column_inner][\/vc_row_inner][vc_row_inner row_inner_height_percent=&#8221;0&#8243; overlay_alpha=&#8221;50&#8243; gutter_size=&#8221;4&#8243; shift_y=&#8221;0&#8243; z_index=&#8221;0&#8243;][vc_column_inner column_width_percent=&#8221;100&#8243; gutter_size=&#8221;2&#8243; style=&#8221;light&#8221; overlay_alpha=&#8221;50&#8243; shift_x=&#8221;0&#8243; shift_y=&#8221;0&#8243; shift_y_down=&#8221;0&#8243; z_index=&#8221;0&#8243; medium_width=&#8221;0&#8243; align_mobile=&#8221;align_left_mobile&#8221; mobile_width=&#8221;0&#8243; width=&#8221;1\/2&#8243;][vc_column_text text_lead=&#8221;yes&#8221; css_animation=&#8221;alpha-anim&#8221;]<strong>Fine cuisine, gastronomy from the garden, the land and the sea.<\/strong> We showcase our favourite local products from Gasp\u00e9sie and the Lower-Saint-Lawrence.<\/p>\n<p>Our fish and seafood come exclusively from the Gulf estuary. Several products are made in-house. Homemade bread, our house smoked salmon, tasty desserts and our charcuteries etc.[\/vc_column_text][\/vc_column_inner][vc_column_inner column_width_percent=&#8221;100&#8243; gutter_size=&#8221;2&#8243; overlay_alpha=&#8221;50&#8243; shift_x=&#8221;0&#8243; shift_y=&#8221;0&#8243; shift_y_down=&#8221;0&#8243; z_index=&#8221;0&#8243; medium_width=&#8221;0&#8243; align_mobile=&#8221;align_left_mobile&#8221; mobile_width=&#8221;0&#8243; width=&#8221;1\/2&#8243;][vc_column_text text_lead=&#8221;yes&#8221; css_animation=&#8221;alpha-anim&#8221; uncode_shortcode_id=&#8221;912262&#8243;]Most of our fresh produce, meats and cheeses come from right here in our region, by local and passionate producers. The herbs are picked right from our garden which overlooks the sea. Dinner is served in our dining room with a breathtaking view of the river as the sun sets. The 3-course table d&#8217;h\u00f4te dinner at 75$ per person includes an appetizer, an entr\u00e9e, a dessert and a hot beverage from Cam\u00e9lia Sinensis. We also offer a nice wine list, original cocktails and microbrew beers from the area.[\/vc_column_text][\/vc_column_inner][\/vc_row_inner][vc_icon icon=&#8221;fa fa-dinner&#8221; icon_color=&#8221;color-533654&#8243; background_style=&#8221;fa-rounded&#8221; size=&#8221;fa-2x&#8221; outline=&#8221;yes&#8221; css_animation=&#8221;alpha-anim&#8221; animation_speed=&#8221;600&#8243;][\/vc_icon][vc_custom_heading heading_semantic=&#8221;h3&#8243; text_font=&#8221;font-555555&#8243; text_size=&#8221;h3&#8243; text_weight=&#8221;400&#8243; text_italic=&#8221;yes&#8221; css_animation=&#8221;alpha-anim&#8221;]The restaurant is also open to the public, reservations required. We look forward to serving you![\/vc_custom_heading][\/vc_column][\/vc_row][vc_row unlock_row_content=&#8221;yes&#8221; row_height_percent=&#8221;100&#8243; back_image=&#8221;313&#8243; overlay_alpha=&#8221;50&#8243; gutter_size=&#8221;3&#8243; column_width_percent=&#8221;100&#8243; shift_y=&#8221;0&#8243; z_index=&#8221;0&#8243;][vc_column width=&#8221;1\/1&#8243;][vc_empty_space empty_h=&#8221;5&#8243;][\/vc_column][\/vc_row]<\/p>\n<\/div>","protected":false},"excerpt":{"rendered":"<p>[vc_row row_height_percent=&#8221;0&#8243; override_padding=&#8221;yes&#8221; h_padding=&#8221;6&#8243; top_padding=&#8221;6&#8243; bottom_padding=&#8221;6&#8243; back_color=&#8221;color-254912&#8243; overlay_alpha=&#8221;50&#8243; gutter_size=&#8221;3&#8243; column_width_percent=&#8221;100&#8243; shift_y=&#8221;0&#8243; z_index=&#8221;0&#8243;][vc_column column_width_percent=&#8221;100&#8243; gutter_size=&#8221;3&#8243; overlay_alpha=&#8221;50&#8243; shift_x=&#8221;0&#8243; shift_y=&#8221;0&#8243; shift_y_down=&#8221;0&#8243; z_index=&#8221;0&#8243; medium_width=&#8221;0&#8243; [&hellip;]<\/p>\n","protected":false},"author":2,"featured_media":0,"parent":0,"menu_order":0,"comment_status":"closed","ping_status":"closed","template":"","meta":{"footnotes":""},"class_list":["post-478","page","type-page","status-publish","hentry"],"_links":{"self":[{"href":"https:\/\/www.aubergedugrandfleuve.qc.ca\/en\/wp-json\/wp\/v2\/pages\/478","targetHints":{"allow":["GET"]}}],"collection":[{"href":"https:\/\/www.aubergedugrandfleuve.qc.ca\/en\/wp-json\/wp\/v2\/pages"}],"about":[{"href":"https:\/\/www.aubergedugrandfleuve.qc.ca\/en\/wp-json\/wp\/v2\/types\/page"}],"author":[{"embeddable":true,"href":"https:\/\/www.aubergedugrandfleuve.qc.ca\/en\/wp-json\/wp\/v2\/users\/2"}],"replies":[{"embeddable":true,"href":"https:\/\/www.aubergedugrandfleuve.qc.ca\/en\/wp-json\/wp\/v2\/comments?post=478"}],"version-history":[{"count":3,"href":"https:\/\/www.aubergedugrandfleuve.qc.ca\/en\/wp-json\/wp\/v2\/pages\/478\/revisions"}],"predecessor-version":[{"id":962,"href":"https:\/\/www.aubergedugrandfleuve.qc.ca\/en\/wp-json\/wp\/v2\/pages\/478\/revisions\/962"}],"wp:attachment":[{"href":"https:\/\/www.aubergedugrandfleuve.qc.ca\/en\/wp-json\/wp\/v2\/media?parent=478"}],"curies":[{"name":"wp","href":"https:\/\/api.w.org\/{rel}","templated":true}]}}